{"id":131,"date":"2025-10-21T16:18:48","date_gmt":"2025-10-21T16:18:48","guid":{"rendered":"https:\/\/locationsasso.fr\/?page_id=131"},"modified":"2025-10-22T23:10:12","modified_gmt":"2025-10-22T22:10:12","slug":"gallery","status":"publish","type":"page","link":"https:\/\/locationsasso.fr\/?page_id=131","title":{"rendered":"Galerie"},"content":{"rendered":"\t\t<div data-elementor-type=\"wp-page\" data-elementor-id=\"131\" class=\"elementor elementor-131\">\n\t\t\t\t<div class=\"elementor-element elementor-element-2dfa645a e-flex e-con-boxed e-con e-parent\" data-id=\"2dfa645a\" data-element_type=\"container\">\n\t\t\t\t\t<div class=\"e-con-inner\">\n\t\t\t\t<div class=\"elementor-element elementor-element-403f272e elementor-widget elementor-widget-heading\" data-id=\"403f272e\" data-element_type=\"widget\" data-widget_type=\"heading.default\">\n\t\t\t\t\t<h1 class=\"elementor-heading-title elementor-size-default\">Galerie<\/h1>\t\t\t\t<\/div>\n\t\t\t\t<div class=\"elementor-element elementor-element-22bf8dba elementor-widget-divider--view-line elementor-widget elementor-widget-divider\" data-id=\"22bf8dba\" data-element_type=\"widget\" data-widget_type=\"divider.default\">\n\t\t\t\t\t\t\t<div class=\"elementor-divider\">\n\t\t\t<span class=\"elementor-divider-separator\">\n\t\t\t\t\t\t<\/span>\n\t\t<\/div>\n\t\t\t\t\t\t<\/div>\n\t\t\t\t\t<\/div>\n\t\t\t\t<\/div>\n\t\t<div class=\"elementor-element elementor-element-6c78c143 e-con-full e-flex e-con e-parent\" data-id=\"6c78c143\" data-element_type=\"container\">\n\t\t\t\t<div class=\"elementor-element elementor-element-14d4fc42 gallery-spacing-custom elementor-widget elementor-widget-image-gallery\" data-id=\"14d4fc42\" data-element_type=\"widget\" data-widget_type=\"image-gallery.default\">\n\t\t\t\t\t\t\t<div class=\"elementor-image-gallery\">\n\t\t\t<div id='gallery-1' class='gallery galleryid-131 gallery-columns-2 gallery-size-full'><figure class='gallery-item'>\n\t\t\t<div class='gallery-icon landscape'>\n\t\t\t\t<a data-elementor-open-lightbox=\"yes\" data-elementor-lightbox-slideshow=\"14d4fc42\" data-elementor-lightbox-title=\"exterieur 2\" data-e-action-hash=\"#elementor-action%3Aaction%3Dlightbox%26settings%3DeyJpZCI6MjMzLCJ1cmwiOiJodHRwczpcL1wvbG9jYXRpb25zYXNzby5mclwvd3AtY29udGVudFwvdXBsb2Fkc1wvMjAyNVwvMTBcL2V4dGVyaWV1ci0yLndlYnAiLCJzbGlkZXNob3ciOiIxNGQ0ZmM0MiJ9\" href='https:\/\/locationsasso.fr\/wp-content\/uploads\/2025\/10\/exterieur-2.webp'><img fetchpriority=\"high\" decoding=\"async\" width=\"960\" height=\"720\" src=\"https:\/\/locationsasso.fr\/wp-content\/uploads\/2025\/10\/exterieur-2.webp\" class=\"attachment-full size-full\" alt=\"\" srcset=\"https:\/\/locationsasso.fr\/wp-content\/uploads\/2025\/10\/exterieur-2.webp 960w, https:\/\/locationsasso.fr\/wp-content\/uploads\/2025\/10\/exterieur-2-300x225.webp 300w, https:\/\/locationsasso.fr\/wp-content\/uploads\/2025\/10\/exterieur-2-768x576.webp 768w\" sizes=\"(max-width: 960px) 100vw, 960px\" \/><\/a>\n\t\t\t<\/div><\/figure><figure class='gallery-item'>\n\t\t\t<div class='gallery-icon landscape'>\n\t\t\t\t<a data-elementor-open-lightbox=\"yes\" data-elementor-lightbox-slideshow=\"14d4fc42\" data-elementor-lightbox-title=\"exterieur 3\" data-e-action-hash=\"#elementor-action%3Aaction%3Dlightbox%26settings%3DeyJpZCI6MjM0LCJ1cmwiOiJodHRwczpcL1wvbG9jYXRpb25zYXNzby5mclwvd3AtY29udGVudFwvdXBsb2Fkc1wvMjAyNVwvMTBcL2V4dGVyaWV1ci0zLndlYnAiLCJzbGlkZXNob3ciOiIxNGQ0ZmM0MiJ9\" href='https:\/\/locationsasso.fr\/wp-content\/uploads\/2025\/10\/exterieur-3.webp'><img decoding=\"async\" width=\"960\" height=\"720\" src=\"https:\/\/locationsasso.fr\/wp-content\/uploads\/2025\/10\/exterieur-3.webp\" class=\"attachment-full size-full\" alt=\"\" srcset=\"https:\/\/locationsasso.fr\/wp-content\/uploads\/2025\/10\/exterieur-3.webp 960w, https:\/\/locationsasso.fr\/wp-content\/uploads\/2025\/10\/exterieur-3-300x225.webp 300w, https:\/\/locationsasso.fr\/wp-content\/uploads\/2025\/10\/exterieur-3-768x576.webp 768w\" sizes=\"(max-width: 960px) 100vw, 960px\" \/><\/a>\n\t\t\t<\/div><\/figure><figure class='gallery-item'>\n\t\t\t<div class='gallery-icon landscape'>\n\t\t\t\t<a data-elementor-open-lightbox=\"yes\" data-elementor-lightbox-slideshow=\"14d4fc42\" data-elementor-lightbox-title=\"exterieur1\" data-e-action-hash=\"#elementor-action%3Aaction%3Dlightbox%26settings%3DeyJpZCI6MjMyLCJ1cmwiOiJodHRwczpcL1wvbG9jYXRpb25zYXNzby5mclwvd3AtY29udGVudFwvdXBsb2Fkc1wvMjAyNVwvMTBcL2V4dGVyaWV1cjEud2VicCIsInNsaWRlc2hvdyI6IjE0ZDRmYzQyIn0%3D\" href='https:\/\/locationsasso.fr\/wp-content\/uploads\/2025\/10\/exterieur1.webp'><img decoding=\"async\" width=\"960\" height=\"720\" src=\"https:\/\/locationsasso.fr\/wp-content\/uploads\/2025\/10\/exterieur1.webp\" class=\"attachment-full size-full\" alt=\"\" srcset=\"https:\/\/locationsasso.fr\/wp-content\/uploads\/2025\/10\/exterieur1.webp 960w, https:\/\/locationsasso.fr\/wp-content\/uploads\/2025\/10\/exterieur1-300x225.webp 300w, https:\/\/locationsasso.fr\/wp-content\/uploads\/2025\/10\/exterieur1-768x576.webp 768w\" sizes=\"(max-width: 960px) 100vw, 960px\" \/><\/a>\n\t\t\t<\/div><\/figure><figure class='gallery-item'>\n\t\t\t<div class='gallery-icon landscape'>\n\t\t\t\t<a data-elementor-open-lightbox=\"yes\" data-elementor-lightbox-slideshow=\"14d4fc42\" data-elementor-lightbox-title=\"exterieur 4\" data-e-action-hash=\"#elementor-action%3Aaction%3Dlightbox%26settings%3DeyJpZCI6MzU1LCJ1cmwiOiJodHRwczpcL1wvbG9jYXRpb25zYXNzby5mclwvd3AtY29udGVudFwvdXBsb2Fkc1wvMjAyNVwvMTBcL2V4dGVyaWV1ci00LndlYnAiLCJzbGlkZXNob3ciOiIxNGQ0ZmM0MiJ9\" href='https:\/\/locationsasso.fr\/wp-content\/uploads\/2025\/10\/exterieur-4.webp'><img loading=\"lazy\" decoding=\"async\" width=\"1440\" height=\"1080\" src=\"https:\/\/locationsasso.fr\/wp-content\/uploads\/2025\/10\/exterieur-4.webp\" class=\"attachment-full size-full\" alt=\"\" srcset=\"https:\/\/locationsasso.fr\/wp-content\/uploads\/2025\/10\/exterieur-4.webp 1440w, https:\/\/locationsasso.fr\/wp-content\/uploads\/2025\/10\/exterieur-4-300x225.webp 300w, https:\/\/locationsasso.fr\/wp-content\/uploads\/2025\/10\/exterieur-4-1024x768.webp 1024w, https:\/\/locationsasso.fr\/wp-content\/uploads\/2025\/10\/exterieur-4-768x576.webp 768w\" sizes=\"(max-width: 1440px) 100vw, 1440px\" \/><\/a>\n\t\t\t<\/div><\/figure><figure class='gallery-item'>\n\t\t\t<div class='gallery-icon landscape'>\n\t\t\t\t<a data-elementor-open-lightbox=\"yes\" data-elementor-lightbox-slideshow=\"14d4fc42\" data-elementor-lightbox-title=\"exterieur 1\" data-e-action-hash=\"#elementor-action%3Aaction%3Dlightbox%26settings%3DeyJpZCI6MzU2LCJ1cmwiOiJodHRwczpcL1wvbG9jYXRpb25zYXNzby5mclwvd3AtY29udGVudFwvdXBsb2Fkc1wvMjAyNVwvMTBcL2V4dGVyaWV1ci0xLndlYnAiLCJzbGlkZXNob3ciOiIxNGQ0ZmM0MiJ9\" href='https:\/\/locationsasso.fr\/wp-content\/uploads\/2025\/10\/exterieur-1.webp'><img loading=\"lazy\" decoding=\"async\" width=\"1440\" height=\"960\" src=\"https:\/\/locationsasso.fr\/wp-content\/uploads\/2025\/10\/exterieur-1.webp\" class=\"attachment-full size-full\" alt=\"\" srcset=\"https:\/\/locationsasso.fr\/wp-content\/uploads\/2025\/10\/exterieur-1.webp 1440w, https:\/\/locationsasso.fr\/wp-content\/uploads\/2025\/10\/exterieur-1-300x200.webp 300w, https:\/\/locationsasso.fr\/wp-content\/uploads\/2025\/10\/exterieur-1-1024x683.webp 1024w, https:\/\/locationsasso.fr\/wp-content\/uploads\/2025\/10\/exterieur-1-768x512.webp 768w\" sizes=\"(max-width: 1440px) 100vw, 1440px\" \/><\/a>\n\t\t\t<\/div><\/figure><figure class='gallery-item'>\n\t\t\t<div class='gallery-icon landscape'>\n\t\t\t\t<a data-elementor-open-lightbox=\"yes\" data-elementor-lightbox-slideshow=\"14d4fc42\" data-elementor-lightbox-title=\"EXTERIEUR 5\" data-e-action-hash=\"#elementor-action%3Aaction%3Dlightbox%26settings%3DeyJpZCI6MzYwLCJ1cmwiOiJodHRwczpcL1wvbG9jYXRpb25zYXNzby5mclwvd3AtY29udGVudFwvdXBsb2Fkc1wvMjAyNVwvMTBcL0VYVEVSSUVVUi01LmpwZWciLCJzbGlkZXNob3ciOiIxNGQ0ZmM0MiJ9\" href='https:\/\/locationsasso.fr\/wp-content\/uploads\/2025\/10\/EXTERIEUR-5.jpeg'><img loading=\"lazy\" decoding=\"async\" width=\"480\" height=\"360\" src=\"https:\/\/locationsasso.fr\/wp-content\/uploads\/2025\/10\/EXTERIEUR-5.jpeg\" class=\"attachment-full size-full\" alt=\"\" srcset=\"https:\/\/locationsasso.fr\/wp-content\/uploads\/2025\/10\/EXTERIEUR-5.jpeg 480w, https:\/\/locationsasso.fr\/wp-content\/uploads\/2025\/10\/EXTERIEUR-5-300x225.webp 300w\" sizes=\"(max-width: 480px) 100vw, 480px\" \/><\/a>\n\t\t\t<\/div><\/figure><figure class='gallery-item'>\n\t\t\t<div class='gallery-icon landscape'>\n\t\t\t\t<a data-elementor-open-lightbox=\"yes\" data-elementor-lightbox-slideshow=\"14d4fc42\" data-elementor-lightbox-title=\"salon1\" data-e-action-hash=\"#elementor-action%3Aaction%3Dlightbox%26settings%3DeyJpZCI6MjQ3LCJ1cmwiOiJodHRwczpcL1wvbG9jYXRpb25zYXNzby5mclwvd3AtY29udGVudFwvdXBsb2Fkc1wvMjAyNVwvMTBcL3NhbG9uMS53ZWJwIiwic2xpZGVzaG93IjoiMTRkNGZjNDIifQ%3D%3D\" href='https:\/\/locationsasso.fr\/wp-content\/uploads\/2025\/10\/salon1.webp'><img loading=\"lazy\" decoding=\"async\" width=\"960\" height=\"640\" src=\"https:\/\/locationsasso.fr\/wp-content\/uploads\/2025\/10\/salon1.webp\" class=\"attachment-full size-full\" alt=\"\" srcset=\"https:\/\/locationsasso.fr\/wp-content\/uploads\/2025\/10\/salon1.webp 960w, https:\/\/locationsasso.fr\/wp-content\/uploads\/2025\/10\/salon1-300x200.webp 300w, https:\/\/locationsasso.fr\/wp-content\/uploads\/2025\/10\/salon1-768x512.webp 768w\" sizes=\"(max-width: 960px) 100vw, 960px\" \/><\/a>\n\t\t\t<\/div><\/figure><figure class='gallery-item'>\n\t\t\t<div class='gallery-icon landscape'>\n\t\t\t\t<a data-elementor-open-lightbox=\"yes\" data-elementor-lightbox-slideshow=\"14d4fc42\" data-elementor-lightbox-title=\"espace repas\" data-e-action-hash=\"#elementor-action%3Aaction%3Dlightbox%26settings%3DeyJpZCI6MzUzLCJ1cmwiOiJodHRwczpcL1wvbG9jYXRpb25zYXNzby5mclwvd3AtY29udGVudFwvdXBsb2Fkc1wvMjAyNVwvMTBcL2VzcGFjZS1yZXBhcy53ZWJwIiwic2xpZGVzaG93IjoiMTRkNGZjNDIifQ%3D%3D\" href='https:\/\/locationsasso.fr\/wp-content\/uploads\/2025\/10\/espace-repas.webp'><img loading=\"lazy\" decoding=\"async\" width=\"1440\" height=\"1080\" src=\"https:\/\/locationsasso.fr\/wp-content\/uploads\/2025\/10\/espace-repas.webp\" class=\"attachment-full size-full\" alt=\"\" srcset=\"https:\/\/locationsasso.fr\/wp-content\/uploads\/2025\/10\/espace-repas.webp 1440w, https:\/\/locationsasso.fr\/wp-content\/uploads\/2025\/10\/espace-repas-300x225.webp 300w, https:\/\/locationsasso.fr\/wp-content\/uploads\/2025\/10\/espace-repas-1024x768.webp 1024w, https:\/\/locationsasso.fr\/wp-content\/uploads\/2025\/10\/espace-repas-768x576.webp 768w\" sizes=\"(max-width: 1440px) 100vw, 1440px\" \/><\/a>\n\t\t\t<\/div><\/figure><figure class='gallery-item'>\n\t\t\t<div class='gallery-icon landscape'>\n\t\t\t\t<a data-elementor-open-lightbox=\"yes\" data-elementor-lightbox-slideshow=\"14d4fc42\" data-elementor-lightbox-title=\"cuisine\" data-e-action-hash=\"#elementor-action%3Aaction%3Dlightbox%26settings%3DeyJpZCI6MzU0LCJ1cmwiOiJodHRwczpcL1wvbG9jYXRpb25zYXNzby5mclwvd3AtY29udGVudFwvdXBsb2Fkc1wvMjAyNVwvMTBcL2N1aXNpbmUud2VicCIsInNsaWRlc2hvdyI6IjE0ZDRmYzQyIn0%3D\" href='https:\/\/locationsasso.fr\/wp-content\/uploads\/2025\/10\/cuisine.webp'><img loading=\"lazy\" decoding=\"async\" width=\"1440\" height=\"960\" src=\"https:\/\/locationsasso.fr\/wp-content\/uploads\/2025\/10\/cuisine.webp\" class=\"attachment-full size-full\" alt=\"\" srcset=\"https:\/\/locationsasso.fr\/wp-content\/uploads\/2025\/10\/cuisine.webp 1440w, https:\/\/locationsasso.fr\/wp-content\/uploads\/2025\/10\/cuisine-300x200.webp 300w, https:\/\/locationsasso.fr\/wp-content\/uploads\/2025\/10\/cuisine-1024x683.jpg 1024w, https:\/\/locationsasso.fr\/wp-content\/uploads\/2025\/10\/cuisine-768x512.jpg 768w\" sizes=\"(max-width: 1440px) 100vw, 1440px\" \/><\/a>\n\t\t\t<\/div><\/figure><figure class='gallery-item'>\n\t\t\t<div class='gallery-icon landscape'>\n\t\t\t\t<a data-elementor-open-lightbox=\"yes\" data-elementor-lightbox-slideshow=\"14d4fc42\" data-elementor-lightbox-title=\"chambre 2\" data-e-action-hash=\"#elementor-action%3Aaction%3Dlightbox%26settings%3DeyJpZCI6MzU4LCJ1cmwiOiJodHRwczpcL1wvbG9jYXRpb25zYXNzby5mclwvd3AtY29udGVudFwvdXBsb2Fkc1wvMjAyNVwvMTBcL2NoYW1icmUtMi53ZWJwIiwic2xpZGVzaG93IjoiMTRkNGZjNDIifQ%3D%3D\" href='https:\/\/locationsasso.fr\/wp-content\/uploads\/2025\/10\/chambre-2.webp'><img loading=\"lazy\" decoding=\"async\" width=\"1440\" height=\"960\" src=\"https:\/\/locationsasso.fr\/wp-content\/uploads\/2025\/10\/chambre-2.webp\" class=\"attachment-full size-full\" alt=\"\" srcset=\"https:\/\/locationsasso.fr\/wp-content\/uploads\/2025\/10\/chambre-2.webp 1440w, https:\/\/locationsasso.fr\/wp-content\/uploads\/2025\/10\/chambre-2-300x200.webp 300w, https:\/\/locationsasso.fr\/wp-content\/uploads\/2025\/10\/chambre-2-1024x683.webp 1024w, https:\/\/locationsasso.fr\/wp-content\/uploads\/2025\/10\/chambre-2-768x512.webp 768w\" sizes=\"(max-width: 1440px) 100vw, 1440px\" \/><\/a>\n\t\t\t<\/div><\/figure><figure class='gallery-item'>\n\t\t\t<div class='gallery-icon landscape'>\n\t\t\t\t<a data-elementor-open-lightbox=\"yes\" data-elementor-lightbox-slideshow=\"14d4fc42\" data-elementor-lightbox-title=\"chambre 1\" data-e-action-hash=\"#elementor-action%3Aaction%3Dlightbox%26settings%3DeyJpZCI6MzUyLCJ1cmwiOiJodHRwczpcL1wvbG9jYXRpb25zYXNzby5mclwvd3AtY29udGVudFwvdXBsb2Fkc1wvMjAyNVwvMTBcL2NoYW1icmUtMS53ZWJwIiwic2xpZGVzaG93IjoiMTRkNGZjNDIifQ%3D%3D\" href='https:\/\/locationsasso.fr\/wp-content\/uploads\/2025\/10\/chambre-1.webp'><img loading=\"lazy\" decoding=\"async\" width=\"1440\" height=\"1440\" src=\"https:\/\/locationsasso.fr\/wp-content\/uploads\/2025\/10\/chambre-1.webp\" class=\"attachment-full size-full\" alt=\"\" srcset=\"https:\/\/locationsasso.fr\/wp-content\/uploads\/2025\/10\/chambre-1.webp 1440w, https:\/\/locationsasso.fr\/wp-content\/uploads\/2025\/10\/chambre-1-300x300.webp 300w, https:\/\/locationsasso.fr\/wp-content\/uploads\/2025\/10\/chambre-1-1024x1024.webp 1024w, https:\/\/locationsasso.fr\/wp-content\/uploads\/2025\/10\/chambre-1-150x150.webp 150w, https:\/\/locationsasso.fr\/wp-content\/uploads\/2025\/10\/chambre-1-768x768.webp 768w\" sizes=\"(max-width: 1440px) 100vw, 1440px\" \/><\/a>\n\t\t\t<\/div><\/figure><figure class='gallery-item'>\n\t\t\t<div class='gallery-icon landscape'>\n\t\t\t\t<a data-elementor-open-lightbox=\"yes\" data-elementor-lightbox-slideshow=\"14d4fc42\" data-elementor-lightbox-title=\"chambre 3\" data-e-action-hash=\"#elementor-action%3Aaction%3Dlightbox%26settings%3DeyJpZCI6MzU3LCJ1cmwiOiJodHRwczpcL1wvbG9jYXRpb25zYXNzby5mclwvd3AtY29udGVudFwvdXBsb2Fkc1wvMjAyNVwvMTBcL2NoYW1icmUtMy53ZWJwIiwic2xpZGVzaG93IjoiMTRkNGZjNDIifQ%3D%3D\" href='https:\/\/locationsasso.fr\/wp-content\/uploads\/2025\/10\/chambre-3.webp'><img loading=\"lazy\" decoding=\"async\" width=\"1440\" height=\"960\" src=\"https:\/\/locationsasso.fr\/wp-content\/uploads\/2025\/10\/chambre-3.webp\" class=\"attachment-full size-full\" alt=\"\" srcset=\"https:\/\/locationsasso.fr\/wp-content\/uploads\/2025\/10\/chambre-3.webp 1440w, https:\/\/locationsasso.fr\/wp-content\/uploads\/2025\/10\/chambre-3-300x200.webp 300w, https:\/\/locationsasso.fr\/wp-content\/uploads\/2025\/10\/chambre-3-1024x683.webp 1024w, https:\/\/locationsasso.fr\/wp-content\/uploads\/2025\/10\/chambre-3-768x512.webp 768w\" sizes=\"(max-width: 1440px) 100vw, 1440px\" \/><\/a>\n\t\t\t<\/div><\/figure>\n\t\t<\/div>\n\t\t<\/div>\n\t\t\t\t\t\t<\/div>\n\t\t\t\t<\/div>\n\t\t<div class=\"elementor-element elementor-element-440f12e7 e-flex e-con-boxed e-con e-parent\" data-id=\"440f12e7\" data-element_type=\"container\">\n\t\t\t\t\t<div class=\"e-con-inner\">\n\t\t\t\t<div class=\"elementor-element elementor-element-567dc6ac elementor-widget elementor-widget-heading\" data-id=\"567dc6ac\" data-element_type=\"widget\" data-widget_type=\"heading.default\">\n\t\t\t\t\t<h2 class=\"elementor-heading-title elementor-size-default\">Envie d\u2019une \u00e9chapp\u00e9e belle au c\u0153ur du B\u00e9arn ?<\/h2>\t\t\t\t<\/div>\n\t\t\t\t<div class=\"elementor-element elementor-element-165e5b90 elementor-widget__width-initial elementor-widget elementor-widget-text-editor\" data-id=\"165e5b90\" data-element_type=\"widget\" data-widget_type=\"text-editor.default\">\n\t\t\t\t\t\t\t\t\t<p data-start=\"307\" data-end=\"437\">R\u00e9servez d\u00e8s maintenant votre s\u00e9jour et plongez dans l\u2019authenticit\u00e9 de Salies-de-B\u00e9arn.<\/p>\t\t\t\t\t\t\t\t<\/div>\n\t\t\t\t<div class=\"elementor-element elementor-element-55e23e7e elementor-align-center elementor-invisible elementor-widget elementor-widget-button\" data-id=\"55e23e7e\" data-element_type=\"widget\" data-settings=\"{&quot;_animation&quot;:&quot;fadeInDown&quot;}\" data-widget_type=\"button.default\">\n\t\t\t\t\t\t\t\t\t\t<a class=\"elementor-button elementor-button-link elementor-size-sm\" href=\"https:\/\/www.airbnb.fr\/rooms\/1500179914952614281\" target=\"_blank\">\n\t\t\t\t\t\t<span class=\"elementor-button-content-wrapper\">\n\t\t\t\t\t\t\t\t\t<span class=\"elementor-button-text\">Nous contacter<\/span>\n\t\t\t\t\t<\/span>\n\t\t\t\t\t<\/a>\n\t\t\t\t\t\t\t\t<\/div>\n\t\t\t\t\t<\/div>\n\t\t\t\t<\/div>\n\t\t\t\t<\/div>\n\t\t","protected":false},"excerpt":{"rendered":"<p>Galerie Envie d\u2019une \u00e9chapp\u00e9e belle au c\u0153ur du B\u00e9arn ? R\u00e9servez d\u00e8s maintenant votre s\u00e9jour et plongez dans l\u2019authenticit\u00e9 de Salies-de-B\u00e9arn. Nous contacter<\/p>\n","protected":false},"author":1,"featured_media":142,"parent":0,"menu_order":0,"comment_status":"closed","ping_status":"closed","template":"elementor_header_footer","meta":{"footnotes":""},"class_list":["post-131","page","type-page","status-publish","has-post-thumbnail","hentry"],"_links":{"self":[{"href":"https:\/\/locationsasso.fr\/index.php?rest_route=\/wp\/v2\/pages\/131","targetHints":{"allow":["GET"]}}],"collection":[{"href":"https:\/\/locationsasso.fr\/index.php?rest_route=\/wp\/v2\/pages"}],"about":[{"href":"https:\/\/locationsasso.fr\/index.php?rest_route=\/wp\/v2\/types\/page"}],"author":[{"embeddable":true,"href":"https:\/\/locationsasso.fr\/index.php?rest_route=\/wp\/v2\/users\/1"}],"replies":[{"embeddable":true,"href":"https:\/\/locationsasso.fr\/index.php?rest_route=%2Fwp%2Fv2%2Fcomments&post=131"}],"version-history":[{"count":19,"href":"https:\/\/locationsasso.fr\/index.php?rest_route=\/wp\/v2\/pages\/131\/revisions"}],"predecessor-version":[{"id":388,"href":"https:\/\/locationsasso.fr\/index.php?rest_route=\/wp\/v2\/pages\/131\/revisions\/388"}],"wp:featuredmedia":[{"embeddable":true,"href":"https:\/\/locationsasso.fr\/index.php?rest_route=\/wp\/v2\/media\/142"}],"wp:attachment":[{"href":"https:\/\/locationsasso.fr\/index.php?rest_route=%2Fwp%2Fv2%2Fmedia&parent=131"}],"curies":[{"name":"wp","href":"https:\/\/api.w.org\/{rel}","templated":true}]}}