{"id":147,"date":"2025-10-21T16:18:50","date_gmt":"2025-10-21T16:18:50","guid":{"rendered":"https:\/\/locationsasso.fr\/?page_id=147"},"modified":"2025-10-22T23:09:31","modified_gmt":"2025-10-22T22:09:31","slug":"about","status":"publish","type":"page","link":"https:\/\/locationsasso.fr\/?page_id=147","title":{"rendered":"About"},"content":{"rendered":"\t\t<div data-elementor-type=\"wp-page\" data-elementor-id=\"147\" class=\"elementor elementor-147\">\n\t\t\t\t<div class=\"elementor-element elementor-element-2ec9d630 e-con-full e-flex e-con e-parent\" data-id=\"2ec9d630\" data-element_type=\"container\">\n\t\t<div class=\"elementor-element elementor-element-496edb39 e-con-full e-flex e-con e-child\" data-id=\"496edb39\" data-element_type=\"container\">\n\t\t\t\t<div class=\"elementor-element elementor-element-3353e39a elementor-widget elementor-widget-heading\" data-id=\"3353e39a\" data-element_type=\"widget\" data-widget_type=\"heading.default\">\n\t\t\t\t\t<h1 class=\"elementor-heading-title elementor-size-default\">\u00c0 propos<\/h1>\t\t\t\t<\/div>\n\t\t\t\t<div class=\"elementor-element elementor-element-21d3c373 elementor-widget-divider--view-line elementor-widget elementor-widget-divider\" data-id=\"21d3c373\" data-element_type=\"widget\" data-widget_type=\"divider.default\">\n\t\t\t\t\t\t\t<div class=\"elementor-divider\">\n\t\t\t<span class=\"elementor-divider-separator\">\n\t\t\t\t\t\t<\/span>\n\t\t<\/div>\n\t\t\t\t\t\t<\/div>\n\t\t\t\t<div class=\"elementor-element elementor-element-4a2fa918 elementor-widget__width-initial elementor-widget elementor-widget-text-editor\" data-id=\"4a2fa918\" data-element_type=\"widget\" data-widget_type=\"text-editor.default\">\n\t\t\t\t\t\t\t\t\t<p data-start=\"281\" data-end=\"536\">Bienvenue chez <strong data-start=\"296\" data-end=\"314\">Location Sasso<\/strong>, une adresse o\u00f9 confort, authenticit\u00e9 et hospitalit\u00e9 se rencontrent.<br data-start=\"383\" data-end=\"386\" \/>Situ\u00e9e \u00e0 <strong data-start=\"395\" data-end=\"414\">Salies-de-B\u00e9arn<\/strong>, notre maison a \u00e9t\u00e9 pens\u00e9e comme un lieu de d\u00e9tente et de convivialit\u00e9, o\u00f9 chaque visiteur se sent rapidement chez lui.<\/p><p data-start=\"1213\" data-end=\"1562\">Nous collaborons avec la <strong data-start=\"1238\" data-end=\"1262\">conciergerie Home 64<\/strong>, dirig\u00e9e par Morganne, afin de vous garantir un accueil attentionn\u00e9 et un suivi personnalis\u00e9 tout au long de votre s\u00e9jour. Qu\u2019il s\u2019agisse d\u2019un week-end d\u00e9tente, d\u2019une escapade nature ou d\u2019un s\u00e9jour plus long, tout est mis en \u0153uvre pour que votre passage soit un vrai moment de plaisir et de repos.<\/p><p data-start=\"1564\" data-end=\"1679\">Notre mission : vous faire d\u00e9couvrir le B\u00e9arn autrement, \u00e0 travers une exp\u00e9rience sinc\u00e8re, locale et sans tracas.<\/p><p data-start=\"1564\" data-end=\"1679\">\u00a0<\/p><p data-start=\"1564\" data-end=\"1679\">\u00a0<\/p><p data-start=\"1564\" data-end=\"1679\">\u00a0<\/p><p data-start=\"1564\" data-end=\"1679\">Photo : \u00a9CDT64<\/p>\t\t\t\t\t\t\t\t<\/div>\n\t\t\t\t<\/div>\n\t\t<div class=\"elementor-element elementor-element-2ca5d2c0 e-con-full e-flex e-con e-child\" data-id=\"2ca5d2c0\" data-element_type=\"container\" data-settings=\"{&quot;background_background&quot;:&quot;classic&quot;}\">\n\t\t\t\t<\/div>\n\t\t\t\t<\/div>\n\t\t<div class=\"elementor-element elementor-element-771db64c e-con-full e-flex e-con e-parent\" data-id=\"771db64c\" data-element_type=\"container\">\n\t\t<div class=\"elementor-element elementor-element-94cc8e e-con-full e-flex e-con e-child\" data-id=\"94cc8e\" data-element_type=\"container\">\n\t\t\t\t<div class=\"elementor-element elementor-element-4172f58f elementor-pagination-position-inside elementor-arrows-position-inside elementor-widget elementor-widget-image-carousel\" data-id=\"4172f58f\" data-element_type=\"widget\" data-settings=\"{&quot;slides_to_show&quot;:&quot;1&quot;,&quot;pause_on_hover&quot;:&quot;no&quot;,&quot;pause_on_interaction&quot;:&quot;no&quot;,&quot;navigation&quot;:&quot;both&quot;,&quot;autoplay&quot;:&quot;yes&quot;,&quot;autoplay_speed&quot;:5000,&quot;infinite&quot;:&quot;yes&quot;,&quot;effect&quot;:&quot;slide&quot;,&quot;speed&quot;:500}\" data-widget_type=\"image-carousel.default\">\n\t\t\t\t\t\t\t<div class=\"elementor-image-carousel-wrapper swiper\" role=\"region\" aria-roledescription=\"carousel\" aria-label=\"Image Carousel\" dir=\"ltr\">\n\t\t\t<div class=\"elementor-image-carousel swiper-wrapper swiper-image-stretch\" aria-live=\"off\">\n\t\t\t\t\t\t\t\t<div class=\"swiper-slide\" role=\"group\" aria-roledescription=\"slide\" aria-label=\"1 of 3\"><figure class=\"swiper-slide-inner\"><img decoding=\"async\" class=\"swiper-slide-image\" src=\"https:\/\/locationsasso.fr\/wp-content\/uploads\/2025\/10\/Salies-place-des-Thermes-3-\u00a9CDT64-768x512.jpg\" alt=\"@CDT64\" \/><figcaption class=\"elementor-image-carousel-caption\">@CDT64<\/figcaption><\/figure><\/div><div class=\"swiper-slide\" role=\"group\" aria-roledescription=\"slide\" aria-label=\"2 of 3\"><figure class=\"swiper-slide-inner\"><img decoding=\"async\" class=\"swiper-slide-image\" src=\"https:\/\/locationsasso.fr\/wp-content\/uploads\/2025\/10\/Thermes-de-Salies-gommage-fleur-de-sel-002-\u00a9Thermes_Salies-P.MAHE_-768x513.webp\" alt=\"@Thermes_Salies-P.MAHE\" \/><figcaption class=\"elementor-image-carousel-caption\">@Thermes_Salies-P.MAHE<\/figcaption><\/figure><\/div><div class=\"swiper-slide\" role=\"group\" aria-roledescription=\"slide\" aria-label=\"3 of 3\"><figure class=\"swiper-slide-inner\"><img decoding=\"async\" class=\"swiper-slide-image\" src=\"https:\/\/locationsasso.fr\/wp-content\/uploads\/2025\/10\/Salies-de-Bearn-facade-des-thermes-\u00a9Florence-LASAGA-768x512.webp\" alt=\"\u00a9Florence LASAGA\" \/><figcaption class=\"elementor-image-carousel-caption\">\u00a9Florence LASAGA<\/figcaption><\/figure><\/div>\t\t\t<\/div>\n\t\t\t\t\t\t\t\t\t\t\t\t<div class=\"elementor-swiper-button elementor-swiper-button-prev\" role=\"button\" tabindex=\"0\">\n\t\t\t\t\t\t<svg aria-hidden=\"true\" class=\"e-font-icon-svg e-eicon-chevron-left\" viewBox=\"0 0 1000 1000\" xmlns=\"http:\/\/www.w3.org\/2000\/svg\"><path d=\"M646 125C629 125 613 133 604 142L308 442C296 454 292 471 292 487 292 504 296 521 308 533L604 854C617 867 629 875 646 875 663 875 679 871 692 858 704 846 713 829 713 812 713 796 708 779 692 767L438 487 692 225C700 217 708 204 708 187 708 171 704 154 692 142 675 129 663 125 646 125Z\"><\/path><\/svg>\t\t\t\t\t<\/div>\n\t\t\t\t\t<div class=\"elementor-swiper-button elementor-swiper-button-next\" role=\"button\" tabindex=\"0\">\n\t\t\t\t\t\t<svg aria-hidden=\"true\" class=\"e-font-icon-svg e-eicon-chevron-right\" viewBox=\"0 0 1000 1000\" xmlns=\"http:\/\/www.w3.org\/2000\/svg\"><path d=\"M696 533C708 521 713 504 713 487 713 471 708 454 696 446L400 146C388 133 375 125 354 125 338 125 325 129 313 142 300 154 292 171 292 187 292 204 296 221 308 233L563 492 304 771C292 783 288 800 288 817 288 833 296 850 308 863 321 871 338 875 354 875 371 875 388 867 400 854L696 533Z\"><\/path><\/svg>\t\t\t\t\t<\/div>\n\t\t\t\t\n\t\t\t\t\t\t\t\t\t<div class=\"swiper-pagination\"><\/div>\n\t\t\t\t\t\t\t\t\t<\/div>\n\t\t\t\t\t\t<\/div>\n\t\t\t\t<\/div>\n\t\t<div class=\"elementor-element elementor-element-5c54cbf4 e-con-full e-flex e-con e-child\" data-id=\"5c54cbf4\" data-element_type=\"container\">\n\t\t\t\t<div class=\"elementor-element elementor-element-3349bbd0 elementor-widget elementor-widget-heading\" data-id=\"3349bbd0\" data-element_type=\"widget\" data-widget_type=\"heading.default\">\n\t\t\t\t\t<h2 class=\"elementor-heading-title elementor-size-default\">Notre histoire<\/h2>\t\t\t\t<\/div>\n\t\t\t\t<div class=\"elementor-element elementor-element-fb77d95 elementor-widget__width-initial elementor-widget elementor-widget-text-editor\" data-id=\"fb77d95\" data-element_type=\"widget\" data-widget_type=\"text-editor.default\">\n\t\t\t\t\t\t\t\t\t<p data-start=\"559\" data-end=\"928\">Cette maison fait partie de notre famille depuis plusieurs g\u00e9n\u00e9rations. Enracin\u00e9s \u00e0 Salies-de-B\u00e9arn depuis toujours, nous sommes profond\u00e9ment attach\u00e9s \u00e0 cette ville et \u00e0 son art de vivre si particulier.<br data-start=\"761\" data-end=\"764\" \/>Au fil du temps, nous avons eu \u00e0 c\u0153ur de pr\u00e9server son charme et son authenticit\u00e9, tout en y apportant le confort moderne qui rend un s\u00e9jour agr\u00e9able et reposant.<\/p><p data-start=\"930\" data-end=\"1211\">Aujourd\u2019hui, nous sommes heureux de pouvoir <strong data-start=\"974\" data-end=\"1034\">partager un morceau de notre histoire et de notre r\u00e9gion<\/strong> avec ceux qui viennent d\u00e9couvrir le B\u00e9arn. Accueillir des voyageurs ici, c\u2019est un peu comme ouvrir les portes de notre maison de famille \u2014 avec simplicit\u00e9, chaleur et fiert\u00e9.<\/p>\t\t\t\t\t\t\t\t<\/div>\n\t\t\t\t<\/div>\n\t\t\t\t<\/div>\n\t\t<div class=\"elementor-element elementor-element-6dc50d90 e-flex e-con-boxed e-con e-parent\" data-id=\"6dc50d90\" data-element_type=\"container\">\n\t\t\t\t\t<div class=\"e-con-inner\">\n\t\t\t\t<div class=\"elementor-element elementor-element-459095c elementor-widget elementor-widget-heading\" data-id=\"459095c\" data-element_type=\"widget\" data-widget_type=\"heading.default\">\n\t\t\t\t\t<h2 class=\"elementor-heading-title elementor-size-default\">Venez vivre un morceau du B\u00e9arn avec nous<\/h2>\t\t\t\t<\/div>\n\t\t\t\t<div class=\"elementor-element elementor-element-312f1318 elementor-widget__width-initial elementor-widget elementor-widget-text-editor\" data-id=\"312f1318\" data-element_type=\"widget\" data-widget_type=\"text-editor.default\">\n\t\t\t\t\t\t\t\t\t<p data-start=\"526\" data-end=\"651\">Nous serions honor\u00e9s de vous accueillir et de partager avec vous notre coin de B\u00e9arn<\/p>\t\t\t\t\t\t\t\t<\/div>\n\t\t\t\t<div class=\"elementor-element elementor-element-3913940f elementor-align-center elementor-invisible elementor-widget elementor-widget-button\" data-id=\"3913940f\" data-element_type=\"widget\" data-settings=\"{&quot;_animation&quot;:&quot;fadeInDown&quot;}\" data-widget_type=\"button.default\">\n\t\t\t\t\t\t\t\t\t\t<a class=\"elementor-button elementor-button-link elementor-size-sm\" href=\"https:\/\/www.airbnb.fr\/rooms\/1500179914952614281\" target=\"_blank\">\n\t\t\t\t\t\t<span class=\"elementor-button-content-wrapper\">\n\t\t\t\t\t\t\t\t\t<span class=\"elementor-button-text\">R\u00e9servez maintenant<\/span>\n\t\t\t\t\t<\/span>\n\t\t\t\t\t<\/a>\n\t\t\t\t\t\t\t\t<\/div>\n\t\t\t\t\t<\/div>\n\t\t\t\t<\/div>\n\t\t\t\t<\/div>\n\t\t","protected":false},"excerpt":{"rendered":"<p>\u00c0 propos Bienvenue chez Location Sasso, une adresse o\u00f9 confort, authenticit\u00e9 et hospitalit\u00e9 se rencontrent.Situ\u00e9e \u00e0 Salies-de-B\u00e9arn, notre maison a \u00e9t\u00e9 pens\u00e9e comme un lieu de d\u00e9tente et de convivialit\u00e9, o\u00f9 chaque visiteur se sent rapidement chez lui. Nous collaborons avec la conciergerie Home 64, dirig\u00e9e par Morganne, afin de vous garantir un accueil attentionn\u00e9 [&hellip;]<\/p>\n","protected":false},"author":1,"featured_media":154,"parent":0,"menu_order":0,"comment_status":"closed","ping_status":"closed","template":"elementor_header_footer","meta":{"footnotes":""},"class_list":["post-147","page","type-page","status-publish","has-post-thumbnail","hentry"],"_links":{"self":[{"href":"https:\/\/locationsasso.fr\/index.php?rest_route=\/wp\/v2\/pages\/147","targetHints":{"allow":["GET"]}}],"collection":[{"href":"https:\/\/locationsasso.fr\/index.php?rest_route=\/wp\/v2\/pages"}],"about":[{"href":"https:\/\/locationsasso.fr\/index.php?rest_route=\/wp\/v2\/types\/page"}],"author":[{"embeddable":true,"href":"https:\/\/locationsasso.fr\/index.php?rest_route=\/wp\/v2\/users\/1"}],"replies":[{"embeddable":true,"href":"https:\/\/locationsasso.fr\/index.php?rest_route=%2Fwp%2Fv2%2Fcomments&post=147"}],"version-history":[{"count":37,"href":"https:\/\/locationsasso.fr\/index.php?rest_route=\/wp\/v2\/pages\/147\/revisions"}],"predecessor-version":[{"id":385,"href":"https:\/\/locationsasso.fr\/index.php?rest_route=\/wp\/v2\/pages\/147\/revisions\/385"}],"wp:featuredmedia":[{"embeddable":true,"href":"https:\/\/locationsasso.fr\/index.php?rest_route=\/wp\/v2\/media\/154"}],"wp:attachment":[{"href":"https:\/\/locationsasso.fr\/index.php?rest_route=%2Fwp%2Fv2%2Fmedia&parent=147"}],"curies":[{"name":"wp","href":"https:\/\/api.w.org\/{rel}","templated":true}]}}